{"id":76,"date":"2024-05-16T11:44:27","date_gmt":"2024-05-16T10:44:27","guid":{"rendered":"https:\/\/adriaticonboat.com\/?page_id=76"},"modified":"2024-07-13T18:37:58","modified_gmt":"2024-07-13T17:37:58","slug":"lisa-ix","status":"publish","type":"page","link":"https:\/\/adriaticonboat.com\/index.php\/lisa-ix\/","title":{"rendered":"LISA IX"},"content":{"rendered":"<p>[et_pb_section fb_built=&#8221;1&#8243; admin_label=&#8221;Header&#8221; _builder_version=&#8221;4.25.1&#8243; _module_preset=&#8221;default&#8221; use_background_color_gradient=&#8221;on&#8221; background_color_gradient_stops=&#8221;rgba(0,0,0,0.3) 0%|rgba(0,0,0,0.3) 100%&#8221; background_color_gradient_overlays_image=&#8221;on&#8221; background_image=&#8221;https:\/\/adriaticonboat.com\/wp-content\/uploads\/2024\/05\/Kep2.jpg&#8221; collapsed=&#8221;on&#8221; global_colors_info=&#8221;{}&#8221;][et_pb_row _builder_version=&#8221;4.25.1&#8243; _module_preset=&#8221;default&#8221; global_colors_info=&#8221;{}&#8221;][et_pb_column type=&#8221;4_4&#8243; _builder_version=&#8221;4.25.1&#8243; _module_preset=&#8221;default&#8221; global_colors_info=&#8221;{}&#8221;][et_pb_text _builder_version=&#8221;4.25.1&#8243; _module_preset=&#8221;default&#8221; global_colors_info=&#8221;{}&#8221;]<\/p>\n<p>&nbsp;<\/p>\n<p>&nbsp;<\/p>\n<p>&nbsp;<\/p>\n<p>&nbsp;<\/p>\n<p>&nbsp;<\/p>\n<p>&nbsp;<\/p>\n<p>&nbsp;<\/p>\n<p>&nbsp;<\/p>\n<p>&nbsp;<\/p>\n<p>&nbsp;<\/p>\n<p>&nbsp;<\/p>\n<p>&nbsp;<\/p>\n<p>&nbsp;<\/p>\n<p>&nbsp;<\/p>\n<p>&nbsp;<\/p>\n<p>&nbsp;<\/p>\n<p>&nbsp;<\/p>\n<p>&nbsp;<\/p>\n<p>&nbsp;<\/p>\n<p>&nbsp;<\/p>\n<p>&nbsp;<\/p>\n<p>&nbsp;<\/p>\n<p>[\/et_pb_text][\/et_pb_column][\/et_pb_row][\/et_pb_section][et_pb_section fb_built=&#8221;1&#8243; _builder_version=&#8221;4.25.1&#8243; _module_preset=&#8221;default&#8221; global_colors_info=&#8221;{}&#8221;][et_pb_row _builder_version=&#8221;4.25.1&#8243; _module_preset=&#8221;default&#8221; global_colors_info=&#8221;{}&#8221;][et_pb_column type=&#8221;4_4&#8243; _builder_version=&#8221;4.25.1&#8243; _module_preset=&#8221;default&#8221; global_colors_info=&#8221;{}&#8221;][et_pb_text _builder_version=&#8221;4.25.1&#8243; _module_preset=&#8221;default&#8221; custom_padding=&#8221;||6px|||&#8221; inline_fonts=&#8221;Acme,Artifika&#8221; global_colors_info=&#8221;{}&#8221;]<\/p>\n<h1><em><strong><img loading=\"lazy\" decoding=\"async\" src=\"https:\/\/adriaticonboat.com\/wp-content\/uploads\/2024\/05\/lisa.jpg\" width=\"300\" height=\"131\" alt=\"\" class=\"wp-image-79 aligncenter size-full\" \/><\/strong><\/em><\/h1>\n<p>[\/et_pb_text][\/et_pb_column][\/et_pb_row][et_pb_row column_structure=&#8221;1_3,2_3&#8243; _builder_version=&#8221;4.25.1&#8243; _module_preset=&#8221;default&#8221; global_colors_info=&#8221;{}&#8221;][et_pb_column type=&#8221;1_3&#8243; _builder_version=&#8221;4.25.1&#8243; _module_preset=&#8221;default&#8221; global_colors_info=&#8221;{}&#8221;][et_pb_image src=&#8221;https:\/\/adriaticonboat.com\/wp-content\/uploads\/2024\/05\/hu.png&#8221; title_text=&#8221;hu&#8221; align=&#8221;center&#8221; _builder_version=&#8221;4.25.1&#8243; _module_preset=&#8221;default&#8221; box_shadow_style=&#8221;preset3&#8243; global_colors_info=&#8221;{}&#8221;][\/et_pb_image][\/et_pb_column][et_pb_column type=&#8221;2_3&#8243; _builder_version=&#8221;4.25.1&#8243; _module_preset=&#8221;default&#8221; global_colors_info=&#8221;{}&#8221;][et_pb_text _builder_version=&#8221;4.25.1&#8243; _module_preset=&#8221;default&#8221; custom_padding=&#8221;||0px|||&#8221; inline_fonts=&#8221;Amarante&#8221; global_colors_info=&#8221;{}&#8221;]<\/p>\n<p><span style=\"color: #3366ff; font-family: Amarante; font-weight: normal; font-size: x-large;\"><strong>Elan 431 t\u00edpus\u00fa vitorl\u00e1s<\/strong><\/span><\/p>\n<p><span style=\"color: #3366ff; font-family: Amarante; font-weight: normal; font-size: x-large;\"><strong>4 kabinos , 2 francia \u00e1gy \u00e9s 2 emeletes \u00e1gyas<\/strong><\/span><\/p>\n<p><span style=\"color: #3366ff; font-family: Amarante; font-weight: normal; font-size: x-large;\"><strong>3 wc, zuhanyz\u00f3val rendelkezik<\/strong><\/span><\/p>\n<p><span style=\"color: #3366ff; font-family: Amarante; font-weight: normal; font-size: x-large;\"><strong>Salonban nagy asztal, h\u0171t\u0151, g\u00e1zt\u0171zhely, TV, hifi, wifi<\/strong><\/span><\/p>\n<p>[\/et_pb_text][\/et_pb_column][\/et_pb_row][et_pb_row _builder_version=&#8221;4.25.1&#8243; _module_preset=&#8221;default&#8221; global_colors_info=&#8221;{}&#8221;][et_pb_column type=&#8221;4_4&#8243; _builder_version=&#8221;4.25.1&#8243; _module_preset=&#8221;default&#8221; global_colors_info=&#8221;{}&#8221;][et_pb_divider show_divider=&#8221;off&#8221; _builder_version=&#8221;4.25.1&#8243; _module_preset=&#8221;default&#8221; global_colors_info=&#8221;{}&#8221;][\/et_pb_divider][\/et_pb_column][\/et_pb_row][et_pb_row column_structure=&#8221;1_3,2_3&#8243; _builder_version=&#8221;4.25.1&#8243; _module_preset=&#8221;default&#8221; global_colors_info=&#8221;{}&#8221;][et_pb_column type=&#8221;1_3&#8243; _builder_version=&#8221;4.25.1&#8243; _module_preset=&#8221;default&#8221; global_colors_info=&#8221;{}&#8221;][et_pb_image src=&#8221;https:\/\/adriaticonboat.com\/wp-content\/uploads\/2024\/05\/english.png&#8221; title_text=&#8221;english&#8221; align=&#8221;center&#8221; _builder_version=&#8221;4.25.1&#8243; _module_preset=&#8221;default&#8221; width=&#8221;90%&#8221; max_width=&#8221;81%&#8221; box_shadow_style=&#8221;preset3&#8243; global_colors_info=&#8221;{}&#8221;][\/et_pb_image][\/et_pb_column][et_pb_column type=&#8221;2_3&#8243; _builder_version=&#8221;4.25.1&#8243; _module_preset=&#8221;default&#8221; global_colors_info=&#8221;{}&#8221;][et_pb_text _builder_version=&#8221;4.25.1&#8243; _module_preset=&#8221;default&#8221; custom_padding=&#8221;||0px|||&#8221; inline_fonts=&#8221;Amarante&#8221; global_colors_info=&#8221;{}&#8221;]<\/p>\n<p><span style=\"font-size: x-large;\"><strong><span style=\"color: #3366ff; font-family: Amarante;\">Boat type Elan 431<\/span><\/strong><\/span><\/p>\n<p><span style=\"font-size: x-large;\"><strong><span style=\"color: #3366ff; font-family: Amarante;\">With 4 cabins , 2 doubled bed and 2 bunk bed<\/span><\/strong><\/span><\/p>\n<p><span style=\"font-size: x-large;\"><strong><span style=\"color: #3366ff; font-family: Amarante;\">3 toilets and showers<\/span><\/strong><\/span><\/p>\n<p><span style=\"font-size: x-large;\"><strong><span style=\"color: #3366ff; font-family: Amarante;\">Big table in the saloon with fridge, gas cooker, TV, hifi, wifi<\/span><\/strong><\/span><\/p>\n<p>[\/et_pb_text][\/et_pb_column][\/et_pb_row][et_pb_row _builder_version=&#8221;4.25.1&#8243; _module_preset=&#8221;default&#8221; global_colors_info=&#8221;{}&#8221;][et_pb_column type=&#8221;4_4&#8243; _builder_version=&#8221;4.25.1&#8243; _module_preset=&#8221;default&#8221; global_colors_info=&#8221;{}&#8221;][et_pb_divider show_divider=&#8221;off&#8221; _builder_version=&#8221;4.25.1&#8243; _module_preset=&#8221;default&#8221; global_colors_info=&#8221;{}&#8221;][\/et_pb_divider][\/et_pb_column][\/et_pb_row][et_pb_row column_structure=&#8221;1_3,2_3&#8243; _builder_version=&#8221;4.25.1&#8243; _module_preset=&#8221;default&#8221; global_colors_info=&#8221;{}&#8221;][et_pb_column type=&#8221;1_3&#8243; _builder_version=&#8221;4.25.1&#8243; _module_preset=&#8221;default&#8221; global_colors_info=&#8221;{}&#8221;][et_pb_image src=&#8221;https:\/\/adriaticonboat.com\/wp-content\/uploads\/2024\/05\/romanian.png&#8221; title_text=&#8221;romanian&#8221; align=&#8221;center&#8221; _builder_version=&#8221;4.25.1&#8243; _module_preset=&#8221;default&#8221; width=&#8221;81%&#8221; max_width=&#8221;81%&#8221; box_shadow_style=&#8221;preset3&#8243; global_colors_info=&#8221;{}&#8221;][\/et_pb_image][\/et_pb_column][et_pb_column type=&#8221;2_3&#8243; _builder_version=&#8221;4.25.1&#8243; _module_preset=&#8221;default&#8221; global_colors_info=&#8221;{}&#8221;][et_pb_text _builder_version=&#8221;4.25.1&#8243; _module_preset=&#8221;default&#8221; inline_fonts=&#8221;Amarante&#8221; global_colors_info=&#8221;{}&#8221;]<\/p>\n<p><span style=\"color: #3366ff;\"><strong><span style=\"font-family: Amarante; font-size: x-large;\">Barca Elan 431<\/span><\/strong><\/span><\/p>\n<p><span style=\"color: #3366ff;\"><strong><span style=\"font-family: Amarante; font-size: x-large;\">Cu 4 cabine , 2 dublu pat si 2 cu pat supraetajat<\/span><\/strong><\/span><\/p>\n<p><span style=\"color: #3366ff;\"><strong><span style=\"font-family: Amarante; font-size: x-large;\">3 wc si dus<\/span><\/strong><\/span><\/p>\n<p><span style=\"color: #3366ff;\"><strong><span style=\"font-family: Amarante; font-size: x-large;\">Masa mare in salon, cu\u00a0 frigider, aragaz, TV, hifi, wifi<\/span><\/strong><\/span><\/p>\n<p>[\/et_pb_text][\/et_pb_column][\/et_pb_row][\/et_pb_section][et_pb_section fb_built=&#8221;1&#8243; _builder_version=&#8221;4.25.1&#8243; _module_preset=&#8221;default&#8221; global_colors_info=&#8221;{}&#8221;][et_pb_row _builder_version=&#8221;4.25.1&#8243; _module_preset=&#8221;default&#8221; global_colors_info=&#8221;{}&#8221;][et_pb_column type=&#8221;4_4&#8243; _builder_version=&#8221;4.25.1&#8243; _module_preset=&#8221;default&#8221; global_colors_info=&#8221;{}&#8221;][et_pb_text _builder_version=&#8221;4.25.1&#8243; _module_preset=&#8221;default&#8221; custom_padding=&#8221;0px|||||&#8221; inline_fonts=&#8221;Wallpoet&#8221; global_colors_info=&#8221;{}&#8221;]<\/p>\n<h1 style=\"text-align: center;\"><strong><span style=\"color: #0000ff; font-family: Wallpoet; font-size: xx-large;\"><em>Gal\u00e9ria \/ Gallery \/ Galerie<\/em><\/span><\/strong><\/h1>\n<pre class=\"tw-data-text tw-text-large tw-ta\" data-placeholder=\"Ford\u00edt\u00e1s\" id=\"tw-target-text\" style=\"text-align: left;\" aria-label=\"Leford\u00edtott sz\u00f6veg\" data-ved=\"2ahUKEwiZtprR-JGGAxXR2QIHHdSiATcQ3ewLegQICBAT\" dir=\"ltr\"><span class=\"Y2IQFc\" lang=\"ro\">\u00a0<\/span><\/pre>\n<p>[\/et_pb_text][\/et_pb_column][\/et_pb_row][et_pb_row _builder_version=&#8221;4.25.1&#8243; _module_preset=&#8221;default&#8221; global_colors_info=&#8221;{}&#8221;][et_pb_column type=&#8221;4_4&#8243; _builder_version=&#8221;4.25.1&#8243; _module_preset=&#8221;default&#8221; global_colors_info=&#8221;{}&#8221;][et_pb_gallery gallery_ids=&#8221;192,191,97,87,96,95,86,88,89,90,91,92,93,94,199,200,201,202,218,203,204,205,206,207,208,209,210,211,212,213&#8243; show_title_and_caption=&#8221;off&#8221; _builder_version=&#8221;4.26.0&#8243; _module_preset=&#8221;default&#8221; pagination_font=&#8221;Aclonica||||||||&#8221; pagination_font_size=&#8221;21px&#8221; background_image=&#8221;https:\/\/adriaticonboat.com\/wp-content\/uploads\/2024\/05\/beach-rental-1b.jpg&#8221; text_orientation=&#8221;center&#8221; border_radii_image=&#8221;on|16px|16px|16px|16px&#8221; border_width_all_image=&#8221;2px&#8221; border_color_all_image=&#8221;#0C71C3&#8243; box_shadow_style_image=&#8221;preset3&#8243; text_shadow_style=&#8221;preset2&#8243; text_shadow_color=&#8221;#1a25f2&#8243; global_colors_info=&#8221;{}&#8221;][\/et_pb_gallery][\/et_pb_column][\/et_pb_row][\/et_pb_section][et_pb_section fb_built=&#8221;1&#8243; _builder_version=&#8221;4.25.1&#8243; _module_preset=&#8221;default&#8221; global_colors_info=&#8221;{}&#8221;][et_pb_row _builder_version=&#8221;4.26.0&#8243; _module_preset=&#8221;default&#8221;][et_pb_column _builder_version=&#8221;4.26.0&#8243; _module_preset=&#8221;default&#8221; type=&#8221;4_4&#8243;][et_pb_video_slider _builder_version=&#8221;4.26.0&#8243; _module_preset=&#8221;default&#8221; hover_enabled=&#8221;0&#8243; sticky_enabled=&#8221;0&#8243;][et_pb_video_slider_item src=&#8221;https:\/\/www.youtube.com\/watch?v=Vet8zwFfNtg&#8221; _builder_version=&#8221;4.26.0&#8243; _module_preset=&#8221;default&#8221; show_image_overlay=&#8221;off&#8221; hover_enabled=&#8221;0&#8243; sticky_enabled=&#8221;0&#8243; src_webm=&#8221;https:\/\/www.youtube.com\/watch?v=aElQi-w0aGw&#8221;][\/et_pb_video_slider_item][et_pb_video_slider_item src=&#8221;https:\/\/www.youtube.com\/watch?v=aElQi-w0aGw&#8221; _builder_version=&#8221;4.26.0&#8243; _module_preset=&#8221;default&#8221; show_image_overlay=&#8221;off&#8221; hover_enabled=&#8221;0&#8243; sticky_enabled=&#8221;0&#8243;][\/et_pb_video_slider_item][\/et_pb_video_slider][\/et_pb_column][\/et_pb_row][et_pb_row _builder_version=&#8221;4.25.1&#8243; _module_preset=&#8221;default&#8221; global_colors_info=&#8221;{}&#8221;][et_pb_column type=&#8221;4_4&#8243; _builder_version=&#8221;4.25.1&#8243; _module_preset=&#8221;default&#8221; global_colors_info=&#8221;{}&#8221;][et_pb_image src=&#8221;https:\/\/adriaticonboat.com\/wp-content\/uploads\/2024\/05\/lisa.jpg&#8221; title_text=&#8221;lisa&#8221; align=&#8221;center&#8221; _builder_version=&#8221;4.25.1&#8243; _module_preset=&#8221;default&#8221; global_colors_info=&#8221;{}&#8221;][\/et_pb_image][\/et_pb_column][\/et_pb_row][\/et_pb_section][et_pb_section fb_built=&#8221;1&#8243; admin_label=&#8221;Call to Action&#8221; _builder_version=&#8221;4.22.0&#8243; _module_preset=&#8221;default&#8221; use_background_color_gradient=&#8221;on&#8221; background_color_gradient_stops=&#8221;rgba(0,0,0,0.5) 0%|rgba(0,0,0,0.5) 100%&#8221; background_color_gradient_overlays_image=&#8221;on&#8221; background_image=&#8221;https:\/\/adriaticonboat.com\/wp-content\/uploads\/2024\/05\/beach-rental-07.jpg&#8221; custom_padding=&#8221;10vw||10vw||true|false&#8221; collapsed=&#8221;on&#8221; global_colors_info=&#8221;{}&#8221;][et_pb_row _builder_version=&#8221;4.22.0&#8243; _module_preset=&#8221;default&#8221; max_width=&#8221;800px&#8221; global_colors_info=&#8221;{}&#8221;][et_pb_column type=&#8221;4_4&#8243; _builder_version=&#8221;4.22.0&#8243; _module_preset=&#8221;default&#8221; global_colors_info=&#8221;{}&#8221;][et_pb_button button_url=&#8221;https:\/\/adriaticonboat.com\/index.php\/kapcsolat\/&#8221; button_text=&#8221;Kapcsolat \/ Contact &#8221; button_alignment=&#8221;center&#8221; _builder_version=&#8221;4.25.1&#8243; _module_preset=&#8221;_initial&#8221; custom_button=&#8221;on&#8221; button_text_size=&#8221;24px&#8221; button_text_color=&#8221;#FFFFFF&#8221; button_bg_color=&#8221;RGBA(255,255,255,0)&#8221; button_border_width=&#8221;4px&#8221; button_border_color=&#8221;#FFFFFF&#8221; button_border_radius=&#8221;29px&#8221; button_letter_spacing=&#8221;0em&#8221; button_font=&#8221;Acme|600|||||||&#8221; custom_padding=&#8221;12px|24px|12px|24px|true|true&#8221; animation_style=&#8221;flip&#8221; button_text_shadow_style=&#8221;preset2&#8243; button_text_shadow_color=&#8221;#EDF000&#8243; box_shadow_style=&#8221;preset4&#8243; global_colors_info=&#8221;{}&#8221;][\/et_pb_button][\/et_pb_column][\/et_pb_row][et_pb_row column_structure=&#8221;1_3,1_3,1_3&#8243; _builder_version=&#8221;4.25.1&#8243; _module_preset=&#8221;default&#8221; global_colors_info=&#8221;{}&#8221;][et_pb_column type=&#8221;1_3&#8243; _builder_version=&#8221;4.25.1&#8243; _module_preset=&#8221;default&#8221; global_colors_info=&#8221;{}&#8221;][\/et_pb_column][et_pb_column type=&#8221;1_3&#8243; _builder_version=&#8221;4.25.1&#8243; _module_preset=&#8221;default&#8221; global_colors_info=&#8221;{}&#8221;][\/et_pb_column][et_pb_column type=&#8221;1_3&#8243; _builder_version=&#8221;4.25.1&#8243; _module_preset=&#8221;default&#8221; global_colors_info=&#8221;{}&#8221;][et_pb_button button_url=&#8221;https:\/\/adriaticonboat.com\/?page_id=3&#038;preview=true&#8221; url_new_window=&#8221;on&#8221; button_text=&#8221;ASZF &#038;  Adatkezel\u00e9si t\u00e1j\u00e9koztat\u00f3&#8221; button_alignment=&#8221;right&#8221; _builder_version=&#8221;4.25.1&#8243; _module_preset=&#8221;default&#8221; custom_button=&#8221;on&#8221; button_text_size=&#8221;17px&#8221; button_border_width=&#8221;2px&#8221; button_border_radius=&#8221;15px&#8221; global_colors_info=&#8221;{}&#8221;][\/et_pb_button][\/et_pb_column][\/et_pb_row][\/et_pb_section]<\/p>\n","protected":false},"excerpt":{"rendered":"<p>&nbsp; &nbsp; &nbsp; &nbsp; &nbsp; &nbsp; &nbsp; &nbsp; &nbsp; &nbsp; &nbsp; &nbsp; &nbsp; &nbsp; &nbsp; &nbsp; &nbsp; &nbsp; &nbsp; &nbsp; &nbsp; &nbsp;Elan 431 t\u00edpus\u00fa vitorl\u00e1s 4 kabinos , 2 francia \u00e1gy \u00e9s 2 emeletes \u00e1gyas 3 wc, zuhanyz\u00f3val rendelkezik Salonban nagy asztal, h\u0171t\u0151, g\u00e1zt\u0171zhely, TV, hifi, wifiBoat type Elan 431 With 4 cabins , 2 [&hellip;]<\/p>\n","protected":false},"author":1,"featured_media":0,"parent":0,"menu_order":0,"comment_status":"closed","ping_status":"closed","template":"","meta":{"_et_pb_use_builder":"on","_et_pb_old_content":"","_et_gb_content_width":"","footnotes":""},"class_list":["post-76","page","type-page","status-publish","hentry"],"_links":{"self":[{"href":"https:\/\/adriaticonboat.com\/index.php\/wp-json\/wp\/v2\/pages\/76","targetHints":{"allow":["GET"]}}],"collection":[{"href":"https:\/\/adriaticonboat.com\/index.php\/wp-json\/wp\/v2\/pages"}],"about":[{"href":"https:\/\/adriaticonboat.com\/index.php\/wp-json\/wp\/v2\/types\/page"}],"author":[{"embeddable":true,"href":"https:\/\/adriaticonboat.com\/index.php\/wp-json\/wp\/v2\/users\/1"}],"replies":[{"embeddable":true,"href":"https:\/\/adriaticonboat.com\/index.php\/wp-json\/wp\/v2\/comments?post=76"}],"version-history":[{"count":5,"href":"https:\/\/adriaticonboat.com\/index.php\/wp-json\/wp\/v2\/pages\/76\/revisions"}],"predecessor-version":[{"id":224,"href":"https:\/\/adriaticonboat.com\/index.php\/wp-json\/wp\/v2\/pages\/76\/revisions\/224"}],"wp:attachment":[{"href":"https:\/\/adriaticonboat.com\/index.php\/wp-json\/wp\/v2\/media?parent=76"}],"curies":[{"name":"wp","href":"https:\/\/api.w.org\/{rel}","templated":true}]}}